{"id":1985,"date":"2024-06-10T23:06:10","date_gmt":"2024-06-11T03:06:10","guid":{"rendered":"https:\/\/carolinadarts.wpenginepowered.com\/?page_id=1985"},"modified":"2025-03-17T17:16:26","modified_gmt":"2025-03-17T21:16:26","slug":"dr-kyle-roth","status":"publish","type":"page","link":"https:\/\/www.carolinadentalarts.com\/es\/dentists\/dr-kyle-roth\/","title":{"rendered":"Dr. Kyle Roth"},"content":{"rendered":"<section class=\"section\" id=\"section_590827472\">\n\t\t<div class=\"bg section-bg fill bg-fill  bg-loaded\" >\n\n\t\t\t\n\t\t\t\n\t\t\t\n\n\t\t<\/div>\n\n\t\t\n\n\t\t<div class=\"section-content relative\">\n\t\t\t\n<div class=\"row align-middle\"  id=\"row-383439074\">\n\n\t<div id=\"col-1146737593\" class=\"col medium-12 small-12 large-5\"  >\n\t\t\t\t<div class=\"col-inner\"  >\n\t\t\t\n\t\t\t\n\n  <div class=\"banner has-hover\" id=\"banner-1651956897\">\n          <div class=\"banner-inner fill\">\n        <div class=\"banner-bg fill\" >\n            <div class=\"bg fill bg-fill\"><\/div>\n                                    \n                    <\/div>\n\t\t\n        <div class=\"banner-layers container\">\n            <div class=\"fill banner-link\"><\/div>            \n        <\/div>\n      <\/div>\n\n            \n<style>\n#banner-1651956897 {\n  padding-top: 400px;\n  background-color: rgb(255, 255, 255);\n}\n#banner-1651956897 .bg.bg-loaded {\n  background-image: url(https:\/\/www.carolinadentalarts.com\/wp-content\/uploads\/2024\/05\/6467f965b844df007225a561_DSC_1716-768x512-1.jpg);\n}\n#banner-1651956897 .bg {\n  background-position: 71% 7%;\n}\n@media (min-width:550px) {\n  #banner-1651956897 {\n    padding-top: 500px;\n  }\n}\n<\/style>\n  <\/div>\n\n\n\t\t<\/div>\n\t\t\t\t\t<\/div>\n\n\t\n\n\t<div id=\"col-1751138167\" class=\"col medium-12 small-12 large-7\"  >\n\t\t\t\t<div class=\"col-inner\"  >\n\t\t\t\n\t\t\t\n\t<div id=\"text-1066890339\" class=\"text\">\n\t\t\n<h1>Dr. Kyle Roth<\/h1>\n\t\t\n<style>\n#text-1066890339 {\n  font-size: 1.2rem;\n  line-height: 0.75;\n}\n@media (min-width:550px) {\n  #text-1066890339 {\n    font-size: 1.5rem;\n  }\n}\n<\/style>\n\t<\/div>\n\t\n<p><span data-text-color=\"secondary\"><strong>Dentista Experimentado Sirviendo Durham, Raleigh, y Goldsboro, Carolina del Norte<\/strong><\/span><\/p>\n<p>El Dr. Kyle Roth se gradu\u00f3 en 1999 en la Facultad de Odontolog\u00eda de UNC-Chapel Hill. Tambi\u00e9n ha ense\u00f1ado en el Departamento de Prostodoncia de UNC y ha realizado rotaciones en la Universidad de Melbourne en Australia. El Dr. Roth ha sido entrenado a fondo en Six Month Smiles Cosmetic Braces y CAD \/ CAM odontolog\u00eda.<\/p>\n<p>Es miembro activo de la <a href=\"https:\/\/www.ncdental.org\/\" target=\"_blank\" rel=\"noopener\">Sociedad Dental de Carolina del Norte<\/a> y el <a href=\"https:\/\/www.ada.org\/\" target=\"_blank\" rel=\"noopener\">Asociaci\u00f3n Dental Americana<\/a>. En su tiempo libre, le gusta pasar tiempo con la familia y los amigos en su casa de la playa en Carolina del Sur.<\/p>\n<a href=\"\/es\/contacto\/\" class=\"button secondary\"  style=\"border-radius:5px;padding:6px 30px 6px 30px;\">\n    <span>P\u00f3ngase en contacto<\/span>\n  <\/a>\n\n\t\t<\/div>\n\t\t\t\t\n<style>\n#col-1751138167 > .col-inner {\n  padding: 0px 1% 0px 1%;\n}\n@media (min-width:550px) {\n  #col-1751138167 > .col-inner {\n    padding: 0px 2% 0px 2%;\n  }\n}\n@media (min-width:850px) {\n  #col-1751138167 > .col-inner {\n    padding: 0px 0px 0px 10%;\n  }\n}\n<\/style>\n\t<\/div>\n\n\t\n<\/div>\n<div class=\"row\"  id=\"row-375255951\">\n\n\t<div id=\"col-695912683\" class=\"col small-12 large-12\"  >\n\t\t\t\t<div class=\"col-inner\"  >\n\t\t\t\n\t\t\t\n\n<div data-bid=\"137050\" data-url=\"https:\/\/rb.whitespark.ca\"><script src=\"https:\/\/widget.reviewability.com\/js\/widgetAdv.min.js\" async><\/script><\/div>\n<p><script class=\"json-ld-content\" type=\"application\/ld+json\"><\/script><br \/>\n\n\t\t<\/div>\n\t\t\t\t\t<\/div>\n\n\t\n<\/div>\n\t\t<\/div>\n\n\t\t\n<style>\n#section_590827472 {\n  padding-top: 30px;\n  padding-bottom: 30px;\n}\n<\/style>\n\t<\/section>","protected":false},"excerpt":{"rendered":"","protected":false},"author":11,"featured_media":501,"parent":515,"menu_order":0,"comment_status":"closed","ping_status":"closed","template":"page-blank.php","meta":{"rop_custom_images_group":[],"rop_custom_messages_group":[],"rop_publish_now":"initial","rop_publish_now_accounts":{"gmb_109265489736877664202_accounts\/109265489736877664202\/locations\/3741120012718067982":"","gmb_109265489736877664202_accounts\/109265489736877664202\/locations\/5868158823831226262":"","gmb_109265489736877664202_accounts\/109265489736877664202\/locations\/13276431108783951976":"","gmb_109265489736877664202_accounts\/109265489736877664202\/locations\/6661601348989402108":"","twitter_1801704355030044672_1801704355030044672":""},"rop_publish_now_history":[],"rop_publish_now_status":"pending","footnotes":""},"class_list":["post-1985","page","type-page","status-publish","has-post-thumbnail","hentry"],"yoast_head":"<!-- This site is optimized with the Yoast SEO plugin v27.1.1 - https:\/\/yoast.com\/product\/yoast-seo-wordpress\/ -->\n<title>Dr. Kyle Roth | Dentist in North Carolina | Carolina Dental Arts<\/title>\n<meta name=\"description\" content=\"Dr. Kyle Roth is a 1999 graduate of the UNC-Chapel Hill School of Dentistry and has also taught at UNC\u2019s Prosthodontics Department.\" \/>\n<meta name=\"robots\" content=\"index, follow, max-snippet:-1, max-image-preview:large, max-video-preview:-1\" \/>\n<link rel=\"canonical\" href=\"https:\/\/www.carolinadentalarts.com\/es\/dentistas\/dr-kyle-roth\/\" \/>\n<meta property=\"og:locale\" content=\"es_ES\" \/>\n<meta property=\"og:type\" content=\"article\" \/>\n<meta property=\"og:title\" content=\"Dr. Kyle Roth | Dentist in North Carolina | Carolina Dental Arts\" \/>\n<meta property=\"og:description\" content=\"Dr. Kyle Roth is a 1999 graduate of the UNC-Chapel Hill School of Dentistry and has also taught at UNC\u2019s Prosthodontics Department.\" \/>\n<meta property=\"og:url\" content=\"https:\/\/www.carolinadentalarts.com\/es\/dentistas\/dr-kyle-roth\/\" \/>\n<meta property=\"og:site_name\" content=\"Carolina Dental Arts\" \/>\n<meta property=\"article:publisher\" content=\"https:\/\/www.facebook.com\/carolinadentalartsnc\/\" \/>\n<meta property=\"article:modified_time\" content=\"2025-03-17T21:16:26+00:00\" \/>\n<meta property=\"og:image\" content=\"https:\/\/www.carolinadentalarts.com\/wp-content\/uploads\/2024\/05\/6467f965b844df007225a561_DSC_1716-768x512-1.jpg\" \/>\n\t<meta property=\"og:image:width\" content=\"768\" \/>\n\t<meta property=\"og:image:height\" content=\"512\" \/>\n\t<meta property=\"og:image:type\" content=\"image\/jpeg\" \/>\n<meta name=\"twitter:card\" content=\"summary_large_image\" \/>\n<meta name=\"twitter:site\" content=\"@carolinadarts\" \/>\n<meta name=\"twitter:label1\" content=\"Tiempo de lectura\" \/>\n\t<meta name=\"twitter:data1\" content=\"1 minuto\" \/>\n<script type=\"application\/ld+json\" class=\"yoast-schema-graph\">{\"@context\":\"https:\/\/schema.org\",\"@graph\":[{\"@type\":\"WebPage\",\"@id\":\"https:\/\/www.carolinadentalarts.com\/dentists\/dr-kyle-roth\/\",\"url\":\"https:\/\/www.carolinadentalarts.com\/dentists\/dr-kyle-roth\/\",\"name\":\"Dr. Kyle Roth | Dentist in North Carolina | Carolina Dental Arts\",\"isPartOf\":{\"@id\":\"\/#website\"},\"primaryImageOfPage\":{\"@id\":\"https:\/\/www.carolinadentalarts.com\/dentists\/dr-kyle-roth\/#primaryimage\"},\"image\":{\"@id\":\"https:\/\/www.carolinadentalarts.com\/dentists\/dr-kyle-roth\/#primaryimage\"},\"thumbnailUrl\":\"https:\/\/www.carolinadentalarts.com\/wp-content\/uploads\/2024\/05\/6467f965b844df007225a561_DSC_1716-768x512-1.jpg\",\"datePublished\":\"2024-06-11T03:06:10+00:00\",\"dateModified\":\"2025-03-17T21:16:26+00:00\",\"description\":\"Dr. Kyle Roth is a 1999 graduate of the UNC-Chapel Hill School of Dentistry and has also taught at UNC\u2019s Prosthodontics Department.\",\"breadcrumb\":{\"@id\":\"https:\/\/www.carolinadentalarts.com\/dentists\/dr-kyle-roth\/#breadcrumb\"},\"inLanguage\":\"es\",\"potentialAction\":[{\"@type\":\"ReadAction\",\"target\":[\"https:\/\/www.carolinadentalarts.com\/dentists\/dr-kyle-roth\/\"]}]},{\"@type\":\"ImageObject\",\"inLanguage\":\"es\",\"@id\":\"https:\/\/www.carolinadentalarts.com\/dentists\/dr-kyle-roth\/#primaryimage\",\"url\":\"https:\/\/www.carolinadentalarts.com\/wp-content\/uploads\/2024\/05\/6467f965b844df007225a561_DSC_1716-768x512-1.jpg\",\"contentUrl\":\"https:\/\/www.carolinadentalarts.com\/wp-content\/uploads\/2024\/05\/6467f965b844df007225a561_DSC_1716-768x512-1.jpg\",\"width\":768,\"height\":512,\"caption\":\"Dr. Kyle Roth - Carolina Dental Arts\"},{\"@type\":\"BreadcrumbList\",\"@id\":\"https:\/\/www.carolinadentalarts.com\/dentists\/dr-kyle-roth\/#breadcrumb\",\"itemListElement\":[{\"@type\":\"ListItem\",\"position\":1,\"name\":\"Home\",\"item\":\"https:\/\/www.carolinadentalarts.com\/\"},{\"@type\":\"ListItem\",\"position\":2,\"name\":\"Dentists\",\"item\":\"https:\/\/www.carolinadentalarts.com\/dentists\/\"},{\"@type\":\"ListItem\",\"position\":3,\"name\":\"Dr. Kyle Roth\"}]},{\"@type\":\"WebSite\",\"@id\":\"\/#website\",\"url\":\"\/\",\"name\":\"Carolina Dental Arts\",\"description\":\"North Carolina Dentists Serving Raleigh, Durham &amp; Goldsboro\",\"publisher\":{\"@id\":\"\/#organization\"},\"potentialAction\":[{\"@type\":\"SearchAction\",\"target\":{\"@type\":\"EntryPoint\",\"urlTemplate\":\"\/?s={search_term_string}\"},\"query-input\":{\"@type\":\"PropertyValueSpecification\",\"valueRequired\":true,\"valueName\":\"search_term_string\"}}],\"inLanguage\":\"es\"},{\"@type\":\"Organization\",\"@id\":\"\/#organization\",\"name\":\"Carolina Dental Arts\",\"url\":\"\/\",\"logo\":{\"@type\":\"ImageObject\",\"inLanguage\":\"es\",\"@id\":\"\/#\/schema\/logo\/image\/\",\"url\":\"https:\/\/www.carolinadentalarts.com\/wp-content\/uploads\/2024\/06\/Carolina-Dental-Arts-Logo.png\",\"contentUrl\":\"https:\/\/www.carolinadentalarts.com\/wp-content\/uploads\/2024\/06\/Carolina-Dental-Arts-Logo.png\",\"width\":1200,\"height\":1000,\"caption\":\"Carolina Dental Arts\"},\"image\":{\"@id\":\"\/#\/schema\/logo\/image\/\"},\"sameAs\":[\"https:\/\/www.facebook.com\/carolinadentalartsnc\/\",\"https:\/\/x.com\/carolinadarts\",\"https:\/\/www.instagram.com\/carolinadentalartsnc\/\",\"https:\/\/www.youtube.com\/@carolinadentalarts790\/featured\"]}]}<\/script>\n<!-- \/ Yoast SEO plugin. -->","yoast_head_json":{"title":"Dr. Kyle Roth | Dentista en Carolina del Norte | Carolina Dental Arts","description":"El Dr. Kyle Roth se gradu\u00f3 en 1999 en la Facultad de Odontolog\u00eda de UNC-Chapel Hill y tambi\u00e9n ha impartido clases en el Departamento de Prostodoncia de UNC.","robots":{"index":"index","follow":"follow","max-snippet":"max-snippet:-1","max-image-preview":"max-image-preview:large","max-video-preview":"max-video-preview:-1"},"canonical":"https:\/\/www.carolinadentalarts.com\/es\/dentistas\/dr-kyle-roth\/","og_locale":"es_ES","og_type":"article","og_title":"Dr. Kyle Roth | Dentist in North Carolina | Carolina Dental Arts","og_description":"Dr. Kyle Roth is a 1999 graduate of the UNC-Chapel Hill School of Dentistry and has also taught at UNC\u2019s Prosthodontics Department.","og_url":"https:\/\/www.carolinadentalarts.com\/es\/dentistas\/dr-kyle-roth\/","og_site_name":"Carolina Dental Arts","article_publisher":"https:\/\/www.facebook.com\/carolinadentalartsnc\/","article_modified_time":"2025-03-17T21:16:26+00:00","og_image":[{"width":768,"height":512,"url":"https:\/\/www.carolinadentalarts.com\/wp-content\/uploads\/2024\/05\/6467f965b844df007225a561_DSC_1716-768x512-1.jpg","type":"image\/jpeg"}],"twitter_card":"summary_large_image","twitter_site":"@carolinadarts","twitter_misc":{"Tiempo de lectura":"1 minuto"},"schema":{"@context":"https:\/\/schema.org","@graph":[{"@type":"WebPage","@id":"https:\/\/www.carolinadentalarts.com\/dentists\/dr-kyle-roth\/","url":"https:\/\/www.carolinadentalarts.com\/dentists\/dr-kyle-roth\/","name":"Dr. Kyle Roth | Dentista en Carolina del Norte | Carolina Dental Arts","isPartOf":{"@id":"\/#website"},"primaryImageOfPage":{"@id":"https:\/\/www.carolinadentalarts.com\/dentists\/dr-kyle-roth\/#primaryimage"},"image":{"@id":"https:\/\/www.carolinadentalarts.com\/dentists\/dr-kyle-roth\/#primaryimage"},"thumbnailUrl":"https:\/\/www.carolinadentalarts.com\/wp-content\/uploads\/2024\/05\/6467f965b844df007225a561_DSC_1716-768x512-1.jpg","datePublished":"2024-06-11T03:06:10+00:00","dateModified":"2025-03-17T21:16:26+00:00","description":"El Dr. Kyle Roth se gradu\u00f3 en 1999 en la Facultad de Odontolog\u00eda de UNC-Chapel Hill y tambi\u00e9n ha impartido clases en el Departamento de Prostodoncia de UNC.","breadcrumb":{"@id":"https:\/\/www.carolinadentalarts.com\/dentists\/dr-kyle-roth\/#breadcrumb"},"inLanguage":"es","potentialAction":[{"@type":"ReadAction","target":["https:\/\/www.carolinadentalarts.com\/dentists\/dr-kyle-roth\/"]}]},{"@type":"ImageObject","inLanguage":"es","@id":"https:\/\/www.carolinadentalarts.com\/dentists\/dr-kyle-roth\/#primaryimage","url":"https:\/\/www.carolinadentalarts.com\/wp-content\/uploads\/2024\/05\/6467f965b844df007225a561_DSC_1716-768x512-1.jpg","contentUrl":"https:\/\/www.carolinadentalarts.com\/wp-content\/uploads\/2024\/05\/6467f965b844df007225a561_DSC_1716-768x512-1.jpg","width":768,"height":512,"caption":"Dr. Kyle Roth - Carolina Dental Arts"},{"@type":"BreadcrumbList","@id":"https:\/\/www.carolinadentalarts.com\/dentists\/dr-kyle-roth\/#breadcrumb","itemListElement":[{"@type":"ListItem","position":1,"name":"Home","item":"https:\/\/www.carolinadentalarts.com\/"},{"@type":"ListItem","position":2,"name":"Dentists","item":"https:\/\/www.carolinadentalarts.com\/dentists\/"},{"@type":"ListItem","position":3,"name":"Dr. Kyle Roth"}]},{"@type":"WebSite","@id":"\/#website","url":"\/","name":"Carolina Dental Arts","description":"Dentistas de Carolina del Norte al servicio de Raleigh, Durham y Goldsboro","publisher":{"@id":"\/#organization"},"potentialAction":[{"@type":"SearchAction","target":{"@type":"EntryPoint","urlTemplate":"\/?s={search_term_string}"},"query-input":{"@type":"PropertyValueSpecification","valueRequired":true,"valueName":"search_term_string"}}],"inLanguage":"es"},{"@type":"Organization","@id":"\/#organization","name":"Carolina Dental Arts","url":"\/","logo":{"@type":"ImageObject","inLanguage":"es","@id":"\/#\/schema\/logo\/image\/","url":"https:\/\/www.carolinadentalarts.com\/wp-content\/uploads\/2024\/06\/Carolina-Dental-Arts-Logo.png","contentUrl":"https:\/\/www.carolinadentalarts.com\/wp-content\/uploads\/2024\/06\/Carolina-Dental-Arts-Logo.png","width":1200,"height":1000,"caption":"Carolina Dental Arts"},"image":{"@id":"\/#\/schema\/logo\/image\/"},"sameAs":["https:\/\/www.facebook.com\/carolinadentalartsnc\/","https:\/\/x.com\/carolinadarts","https:\/\/www.instagram.com\/carolinadentalartsnc\/","https:\/\/www.youtube.com\/@carolinadentalarts790\/featured"]}]}},"_links":{"self":[{"href":"https:\/\/www.carolinadentalarts.com\/es\/wp-json\/wp\/v2\/pages\/1985","targetHints":{"allow":["GET"]}}],"collection":[{"href":"https:\/\/www.carolinadentalarts.com\/es\/wp-json\/wp\/v2\/pages"}],"about":[{"href":"https:\/\/www.carolinadentalarts.com\/es\/wp-json\/wp\/v2\/types\/page"}],"author":[{"embeddable":true,"href":"https:\/\/www.carolinadentalarts.com\/es\/wp-json\/wp\/v2\/users\/11"}],"replies":[{"embeddable":true,"href":"https:\/\/www.carolinadentalarts.com\/es\/wp-json\/wp\/v2\/comments?post=1985"}],"version-history":[{"count":0,"href":"https:\/\/www.carolinadentalarts.com\/es\/wp-json\/wp\/v2\/pages\/1985\/revisions"}],"up":[{"embeddable":true,"href":"https:\/\/www.carolinadentalarts.com\/es\/wp-json\/wp\/v2\/pages\/515"}],"wp:featuredmedia":[{"embeddable":true,"href":"https:\/\/www.carolinadentalarts.com\/es\/wp-json\/wp\/v2\/media\/501"}],"wp:attachment":[{"href":"https:\/\/www.carolinadentalarts.com\/es\/wp-json\/wp\/v2\/media?parent=1985"}],"curies":[{"name":"wp","href":"https:\/\/api.w.org\/{rel}","templated":true}]}}