{"id":25279,"date":"2025-07-30T14:09:19","date_gmt":"2025-07-30T18:09:19","guid":{"rendered":"https:\/\/www.carolinadentalarts.com\/?page_id=25279"},"modified":"2025-07-30T14:10:23","modified_gmt":"2025-07-30T18:10:23","slug":"dr-arun-sandhu","status":"publish","type":"page","link":"https:\/\/www.carolinadentalarts.com\/es\/dentists\/dr-arun-sandhu\/","title":{"rendered":"Dr. Arun Sandhu"},"content":{"rendered":"<section class=\"section\" id=\"section_1240818313\">\n\t\t<div class=\"bg section-bg fill bg-fill  bg-loaded\" >\n\n\t\t\t\n\t\t\t\n\t\t\t\n\n\t\t<\/div>\n\n\t\t\n\n\t\t<div class=\"section-content relative\">\n\t\t\t\n<div class=\"row align-middle\"  id=\"row-1045005659\">\n\n\t<div id=\"col-114180456\" class=\"col medium-12 small-12 large-5\"  >\n\t\t\t\t<div class=\"col-inner\"  >\n\t\t\t\n\t\t\t\n\n  <div class=\"banner has-hover\" id=\"banner-903523025\">\n          <div class=\"banner-inner fill\">\n        <div class=\"banner-bg fill\" >\n            <div class=\"bg fill bg-fill\"><\/div>\n                                    \n                    <\/div>\n\t\t\n        <div class=\"banner-layers container\">\n            <div class=\"fill banner-link\"><\/div>            \n        <\/div>\n      <\/div>\n\n            \n<style>\n#banner-903523025 {\n  padding-top: 400px;\n  background-color: rgb(255, 255, 255);\n}\n#banner-903523025 .bg.bg-loaded {\n  background-image: url(https:\/\/www.carolinadentalarts.com\/wp-content\/uploads\/2025\/07\/Dr.-Arun-Sandhu-Carolina-Dental-Arts-in-Goldsboro-NC.jpg);\n}\n#banner-903523025 .bg {\n  background-position: 15% 27%;\n}\n@media (min-width:550px) {\n  #banner-903523025 {\n    padding-top: 600px;\n  }\n}\n<\/style>\n  <\/div>\n\n\n\t\t<\/div>\n\t\t\t\t\t<\/div>\n\n\t\n\n\t<div id=\"col-176896658\" class=\"col medium-12 small-12 large-7\"  >\n\t\t\t\t<div class=\"col-inner\"  >\n\t\t\t\n\t\t\t\n\t<div id=\"text-3450341483\" class=\"text\">\n\t\t\n<h1>Dr. Arun Sandhu<\/h1>\n\t\t\n<style>\n#text-3450341483 {\n  font-size: 1.2rem;\n  line-height: 0.75;\n}\n@media (min-width:550px) {\n  #text-3450341483 {\n    font-size: 1.5rem;\n  }\n}\n<\/style>\n\t<\/div>\n\t\n<p><span data-text-color=\"secondary\"><strong>Dentista con experiencia sirviendo Goldsboro, NC<\/strong><\/span><\/p>\n<p>La Dra. Arun Sandhu, de Clayton, Carolina del Norte, obtuvo el t\u00edtulo de Doctora en Cirug\u00eda Dental en la Facultad de Odontolog\u00eda Adams de la UNC. Tambi\u00e9n tiene una maestr\u00eda en fisiolog\u00eda de la Universidad Estatal de Carolina del Norte y una licenciatura en psicolog\u00eda de la UNC Chapel Hill. La Dra. Sandhu es una apasionada de la atenci\u00f3n centrada en el paciente y valora el establecimiento de relaciones s\u00f3lidas con las personas a las que atiende. En su tiempo libre, le gusta correr, ver pel\u00edculas y probar nuevos restaurantes.<\/p>\n<a href=\"\/es\/contacto\/\" class=\"button secondary\"  style=\"border-radius:5px;padding:6px 30px 6px 30px;\">\n    <span>P\u00f3ngase en contacto<\/span>\n  <\/a>\n\n\t\t<\/div>\n\t\t\t\t\n<style>\n#col-176896658 > .col-inner {\n  padding: 0px 1% 0px 1%;\n}\n@media (min-width:550px) {\n  #col-176896658 > .col-inner {\n    padding: 0px 2% 0px 2%;\n  }\n}\n@media (min-width:850px) {\n  #col-176896658 > .col-inner {\n    padding: 0px 0px 0px 10%;\n  }\n}\n<\/style>\n\t<\/div>\n\n\t\n<\/div>\n<div class=\"row\"  id=\"row-2114597304\">\n\n\t<div id=\"col-862768175\" class=\"col small-12 large-12\"  >\n\t\t\t\t<div class=\"col-inner\"  >\n\t\t\t\n\t\t\t\n\n<div data-bid=\"137050\" data-url=\"https:\/\/rb.whitespark.ca\"><script src=\"https:\/\/widget.reviewability.com\/js\/widgetAdv.min.js\" async><\/script><\/div>\n<p><script class=\"json-ld-content\" type=\"application\/ld+json\"><\/script><br \/>\n\n\t\t<\/div>\n\t\t\t\t\t<\/div>\n\n\t\n<\/div>\n\t\t<\/div>\n\n\t\t\n<style>\n#section_1240818313 {\n  padding-top: 30px;\n  padding-bottom: 30px;\n}\n<\/style>\n\t<\/section>","protected":false},"excerpt":{"rendered":"","protected":false},"author":7,"featured_media":25277,"parent":515,"menu_order":0,"comment_status":"closed","ping_status":"closed","template":"","meta":{"rop_custom_images_group":[],"rop_custom_messages_group":[],"rop_publish_now":"initial","rop_publish_now_accounts":{"gmb_109265489736877664202_accounts\/109265489736877664202\/locations\/3741120012718067982":"","gmb_109265489736877664202_accounts\/109265489736877664202\/locations\/5868158823831226262":"","gmb_109265489736877664202_accounts\/109265489736877664202\/locations\/13276431108783951976":"","gmb_109265489736877664202_accounts\/109265489736877664202\/locations\/6661601348989402108":"","twitter_1801704355030044672_1801704355030044672":""},"rop_publish_now_history":[],"rop_publish_now_status":"pending","footnotes":""},"class_list":["post-25279","page","type-page","status-publish","has-post-thumbnail","hentry"],"yoast_head":"<!-- This site is optimized with the Yoast SEO plugin v27.1.1 - https:\/\/yoast.com\/product\/yoast-seo-wordpress\/ -->\n<title>Dr. Arun Sandhu | Carolina Dental Arts in Goldsboro, NC<\/title>\n<meta name=\"description\" content=\"Schedule a consultation with Dr. Arun Sandhu at Carolina Dental Arts in Goldsboro, NC, for dedicated patient-centered care.\" \/>\n<meta name=\"robots\" content=\"index, follow, max-snippet:-1, max-image-preview:large, max-video-preview:-1\" \/>\n<link rel=\"canonical\" href=\"https:\/\/www.carolinadentalarts.com\/es\/dentistas\/dr-arun-sandhu\/\" \/>\n<meta property=\"og:locale\" content=\"es_ES\" \/>\n<meta property=\"og:type\" content=\"article\" \/>\n<meta property=\"og:title\" content=\"Dr. Arun Sandhu | Carolina Dental Arts in Goldsboro, NC\" \/>\n<meta property=\"og:description\" content=\"Schedule a consultation with Dr. Arun Sandhu at Carolina Dental Arts in Goldsboro, NC, for dedicated patient-centered care.\" \/>\n<meta property=\"og:url\" content=\"https:\/\/www.carolinadentalarts.com\/es\/dentistas\/dr-arun-sandhu\/\" \/>\n<meta property=\"og:site_name\" content=\"Carolina Dental Arts\" \/>\n<meta property=\"article:publisher\" content=\"https:\/\/www.facebook.com\/carolinadentalartsnc\/\" \/>\n<meta property=\"article:modified_time\" content=\"2025-07-30T18:10:23+00:00\" \/>\n<meta property=\"og:image\" content=\"https:\/\/www.carolinadentalarts.com\/wp-content\/uploads\/2025\/07\/Dr.-Arun-Sandhu-Carolina-Dental-Arts-in-Goldsboro-NC.jpg\" \/>\n\t<meta property=\"og:image:width\" content=\"1800\" \/>\n\t<meta property=\"og:image:height\" content=\"1200\" \/>\n\t<meta property=\"og:image:type\" content=\"image\/jpeg\" \/>\n<meta name=\"twitter:card\" content=\"summary_large_image\" \/>\n<meta name=\"twitter:site\" content=\"@carolinadarts\" \/>\n<meta name=\"twitter:label1\" content=\"Tiempo de lectura\" \/>\n\t<meta name=\"twitter:data1\" content=\"1 minuto\" \/>\n<script type=\"application\/ld+json\" class=\"yoast-schema-graph\">{\"@context\":\"https:\/\/schema.org\",\"@graph\":[{\"@type\":\"WebPage\",\"@id\":\"https:\/\/www.carolinadentalarts.com\/dentists\/dr-arun-sandhu\/\",\"url\":\"https:\/\/www.carolinadentalarts.com\/dentists\/dr-arun-sandhu\/\",\"name\":\"Dr. Arun Sandhu | Carolina Dental Arts in Goldsboro, NC\",\"isPartOf\":{\"@id\":\"\/#website\"},\"primaryImageOfPage\":{\"@id\":\"https:\/\/www.carolinadentalarts.com\/dentists\/dr-arun-sandhu\/#primaryimage\"},\"image\":{\"@id\":\"https:\/\/www.carolinadentalarts.com\/dentists\/dr-arun-sandhu\/#primaryimage\"},\"thumbnailUrl\":\"https:\/\/www.carolinadentalarts.com\/wp-content\/uploads\/2025\/07\/Dr.-Arun-Sandhu-Carolina-Dental-Arts-in-Goldsboro-NC.jpg\",\"datePublished\":\"2025-07-30T18:09:19+00:00\",\"dateModified\":\"2025-07-30T18:10:23+00:00\",\"description\":\"Schedule a consultation with Dr. Arun Sandhu at Carolina Dental Arts in Goldsboro, NC, for dedicated patient-centered care.\",\"breadcrumb\":{\"@id\":\"https:\/\/www.carolinadentalarts.com\/dentists\/dr-arun-sandhu\/#breadcrumb\"},\"inLanguage\":\"es\",\"potentialAction\":[{\"@type\":\"ReadAction\",\"target\":[\"https:\/\/www.carolinadentalarts.com\/dentists\/dr-arun-sandhu\/\"]}]},{\"@type\":\"ImageObject\",\"inLanguage\":\"es\",\"@id\":\"https:\/\/www.carolinadentalarts.com\/dentists\/dr-arun-sandhu\/#primaryimage\",\"url\":\"https:\/\/www.carolinadentalarts.com\/wp-content\/uploads\/2025\/07\/Dr.-Arun-Sandhu-Carolina-Dental-Arts-in-Goldsboro-NC.jpg\",\"contentUrl\":\"https:\/\/www.carolinadentalarts.com\/wp-content\/uploads\/2025\/07\/Dr.-Arun-Sandhu-Carolina-Dental-Arts-in-Goldsboro-NC.jpg\",\"width\":1800,\"height\":1200,\"caption\":\"Dr. Arun Sandhu - Carolina Dental Arts in Goldsboro, NC\"},{\"@type\":\"BreadcrumbList\",\"@id\":\"https:\/\/www.carolinadentalarts.com\/dentists\/dr-arun-sandhu\/#breadcrumb\",\"itemListElement\":[{\"@type\":\"ListItem\",\"position\":1,\"name\":\"Home\",\"item\":\"https:\/\/www.carolinadentalarts.com\/\"},{\"@type\":\"ListItem\",\"position\":2,\"name\":\"Dentists\",\"item\":\"https:\/\/www.carolinadentalarts.com\/dentists\/\"},{\"@type\":\"ListItem\",\"position\":3,\"name\":\"Dr. Arun Sandhu\"}]},{\"@type\":\"WebSite\",\"@id\":\"\/#website\",\"url\":\"\/\",\"name\":\"Carolina Dental Arts\",\"description\":\"North Carolina Dentists Serving Raleigh, Durham &amp; Goldsboro\",\"publisher\":{\"@id\":\"\/#organization\"},\"potentialAction\":[{\"@type\":\"SearchAction\",\"target\":{\"@type\":\"EntryPoint\",\"urlTemplate\":\"\/?s={search_term_string}\"},\"query-input\":{\"@type\":\"PropertyValueSpecification\",\"valueRequired\":true,\"valueName\":\"search_term_string\"}}],\"inLanguage\":\"es\"},{\"@type\":\"Organization\",\"@id\":\"\/#organization\",\"name\":\"Carolina Dental Arts\",\"url\":\"\/\",\"logo\":{\"@type\":\"ImageObject\",\"inLanguage\":\"es\",\"@id\":\"\/#\/schema\/logo\/image\/\",\"url\":\"https:\/\/www.carolinadentalarts.com\/wp-content\/uploads\/2024\/06\/Carolina-Dental-Arts-Logo.png\",\"contentUrl\":\"https:\/\/www.carolinadentalarts.com\/wp-content\/uploads\/2024\/06\/Carolina-Dental-Arts-Logo.png\",\"width\":1200,\"height\":1000,\"caption\":\"Carolina Dental Arts\"},\"image\":{\"@id\":\"\/#\/schema\/logo\/image\/\"},\"sameAs\":[\"https:\/\/www.facebook.com\/carolinadentalartsnc\/\",\"https:\/\/x.com\/carolinadarts\",\"https:\/\/www.instagram.com\/carolinadentalartsnc\/\",\"https:\/\/www.youtube.com\/@carolinadentalarts790\/featured\"]}]}<\/script>\n<!-- \/ Yoast SEO plugin. -->","yoast_head_json":{"title":"Dr. Arun Sandhu | Carolina Dental Arts en Goldsboro, NC","description":"Programe una consulta con el Dr. Arun Sandhu en Carolina Dental Arts en Goldsboro, NC, para la atenci\u00f3n dedicada centrada en el paciente.","robots":{"index":"index","follow":"follow","max-snippet":"max-snippet:-1","max-image-preview":"max-image-preview:large","max-video-preview":"max-video-preview:-1"},"canonical":"https:\/\/www.carolinadentalarts.com\/es\/dentistas\/dr-arun-sandhu\/","og_locale":"es_ES","og_type":"article","og_title":"Dr. Arun Sandhu | Carolina Dental Arts in Goldsboro, NC","og_description":"Schedule a consultation with Dr. Arun Sandhu at Carolina Dental Arts in Goldsboro, NC, for dedicated patient-centered care.","og_url":"https:\/\/www.carolinadentalarts.com\/es\/dentistas\/dr-arun-sandhu\/","og_site_name":"Carolina Dental Arts","article_publisher":"https:\/\/www.facebook.com\/carolinadentalartsnc\/","article_modified_time":"2025-07-30T18:10:23+00:00","og_image":[{"width":1800,"height":1200,"url":"https:\/\/www.carolinadentalarts.com\/wp-content\/uploads\/2025\/07\/Dr.-Arun-Sandhu-Carolina-Dental-Arts-in-Goldsboro-NC.jpg","type":"image\/jpeg"}],"twitter_card":"summary_large_image","twitter_site":"@carolinadarts","twitter_misc":{"Tiempo de lectura":"1 minuto"},"schema":{"@context":"https:\/\/schema.org","@graph":[{"@type":"WebPage","@id":"https:\/\/www.carolinadentalarts.com\/dentists\/dr-arun-sandhu\/","url":"https:\/\/www.carolinadentalarts.com\/dentists\/dr-arun-sandhu\/","name":"Dr. Arun Sandhu | Carolina Dental Arts en Goldsboro, NC","isPartOf":{"@id":"\/#website"},"primaryImageOfPage":{"@id":"https:\/\/www.carolinadentalarts.com\/dentists\/dr-arun-sandhu\/#primaryimage"},"image":{"@id":"https:\/\/www.carolinadentalarts.com\/dentists\/dr-arun-sandhu\/#primaryimage"},"thumbnailUrl":"https:\/\/www.carolinadentalarts.com\/wp-content\/uploads\/2025\/07\/Dr.-Arun-Sandhu-Carolina-Dental-Arts-in-Goldsboro-NC.jpg","datePublished":"2025-07-30T18:09:19+00:00","dateModified":"2025-07-30T18:10:23+00:00","description":"Programe una consulta con el Dr. Arun Sandhu en Carolina Dental Arts en Goldsboro, NC, para la atenci\u00f3n dedicada centrada en el paciente.","breadcrumb":{"@id":"https:\/\/www.carolinadentalarts.com\/dentists\/dr-arun-sandhu\/#breadcrumb"},"inLanguage":"es","potentialAction":[{"@type":"ReadAction","target":["https:\/\/www.carolinadentalarts.com\/dentists\/dr-arun-sandhu\/"]}]},{"@type":"ImageObject","inLanguage":"es","@id":"https:\/\/www.carolinadentalarts.com\/dentists\/dr-arun-sandhu\/#primaryimage","url":"https:\/\/www.carolinadentalarts.com\/wp-content\/uploads\/2025\/07\/Dr.-Arun-Sandhu-Carolina-Dental-Arts-in-Goldsboro-NC.jpg","contentUrl":"https:\/\/www.carolinadentalarts.com\/wp-content\/uploads\/2025\/07\/Dr.-Arun-Sandhu-Carolina-Dental-Arts-in-Goldsboro-NC.jpg","width":1800,"height":1200,"caption":"Dr. Arun Sandhu - Carolina Dental Arts in Goldsboro, NC"},{"@type":"BreadcrumbList","@id":"https:\/\/www.carolinadentalarts.com\/dentists\/dr-arun-sandhu\/#breadcrumb","itemListElement":[{"@type":"ListItem","position":1,"name":"Home","item":"https:\/\/www.carolinadentalarts.com\/"},{"@type":"ListItem","position":2,"name":"Dentists","item":"https:\/\/www.carolinadentalarts.com\/dentists\/"},{"@type":"ListItem","position":3,"name":"Dr. Arun Sandhu"}]},{"@type":"WebSite","@id":"\/#website","url":"\/","name":"Carolina Dental Arts","description":"Dentistas de Carolina del Norte al servicio de Raleigh, Durham y Goldsboro","publisher":{"@id":"\/#organization"},"potentialAction":[{"@type":"SearchAction","target":{"@type":"EntryPoint","urlTemplate":"\/?s={search_term_string}"},"query-input":{"@type":"PropertyValueSpecification","valueRequired":true,"valueName":"search_term_string"}}],"inLanguage":"es"},{"@type":"Organization","@id":"\/#organization","name":"Carolina Dental Arts","url":"\/","logo":{"@type":"ImageObject","inLanguage":"es","@id":"\/#\/schema\/logo\/image\/","url":"https:\/\/www.carolinadentalarts.com\/wp-content\/uploads\/2024\/06\/Carolina-Dental-Arts-Logo.png","contentUrl":"https:\/\/www.carolinadentalarts.com\/wp-content\/uploads\/2024\/06\/Carolina-Dental-Arts-Logo.png","width":1200,"height":1000,"caption":"Carolina Dental Arts"},"image":{"@id":"\/#\/schema\/logo\/image\/"},"sameAs":["https:\/\/www.facebook.com\/carolinadentalartsnc\/","https:\/\/x.com\/carolinadarts","https:\/\/www.instagram.com\/carolinadentalartsnc\/","https:\/\/www.youtube.com\/@carolinadentalarts790\/featured"]}]}},"_links":{"self":[{"href":"https:\/\/www.carolinadentalarts.com\/es\/wp-json\/wp\/v2\/pages\/25279","targetHints":{"allow":["GET"]}}],"collection":[{"href":"https:\/\/www.carolinadentalarts.com\/es\/wp-json\/wp\/v2\/pages"}],"about":[{"href":"https:\/\/www.carolinadentalarts.com\/es\/wp-json\/wp\/v2\/types\/page"}],"author":[{"embeddable":true,"href":"https:\/\/www.carolinadentalarts.com\/es\/wp-json\/wp\/v2\/users\/7"}],"replies":[{"embeddable":true,"href":"https:\/\/www.carolinadentalarts.com\/es\/wp-json\/wp\/v2\/comments?post=25279"}],"version-history":[{"count":0,"href":"https:\/\/www.carolinadentalarts.com\/es\/wp-json\/wp\/v2\/pages\/25279\/revisions"}],"up":[{"embeddable":true,"href":"https:\/\/www.carolinadentalarts.com\/es\/wp-json\/wp\/v2\/pages\/515"}],"wp:featuredmedia":[{"embeddable":true,"href":"https:\/\/www.carolinadentalarts.com\/es\/wp-json\/wp\/v2\/media\/25277"}],"wp:attachment":[{"href":"https:\/\/www.carolinadentalarts.com\/es\/wp-json\/wp\/v2\/media?parent=25279"}],"curies":[{"name":"wp","href":"https:\/\/api.w.org\/{rel}","templated":true}]}}